{"id":3947,"date":"2023-11-12T17:19:36","date_gmt":"2023-11-12T14:19:36","guid":{"rendered":"http:\/\/adites-hotelnew.ru.swtest.ru\/about-us\/"},"modified":"2024-07-06T12:54:57","modified_gmt":"2024-07-06T09:54:57","slug":"about-us","status":"publish","type":"page","link":"https:\/\/aditeshotel.hr\/en\/about-us\/","title":{"rendered":"ABOUT US"},"content":{"rendered":"<div data-elementor-type=\"wp-page\" data-elementor-id=\"3947\" class=\"elementor elementor-3947\">\n\t\t\t\t<div class=\"elementor-element elementor-element-357cdd4 e-flex e-con-boxed e-con e-parent\" data-id=\"357cdd4\" data-element_type=\"container\" data-settings=\"{&quot;jet_parallax_layout_list&quot;:[],&quot;content_width&quot;:&quot;boxed&quot;}\" data-core-v316-plus=\"true\">\n\t\t\t\t\t<div class=\"e-con-inner\">\n\t\t\t\t<div class=\"elementor-element elementor-element-4459043 elementor-widget elementor-widget-text-editor\" data-id=\"4459043\" data-element_type=\"widget\" data-widget_type=\"text-editor.default\">\n\t\t\t\t<div class=\"elementor-widget-container\">\n\t\t\t<style>\/*! elementor - v3.19.0 - 29-01-2024 *\/\n.elementor-widget-text-editor.elementor-drop-cap-view-stacked .elementor-drop-cap{background-color:#69727d;color:#fff}.elementor-widget-text-editor.elementor-drop-cap-view-framed .elementor-drop-cap{color:#69727d;border:3px solid;background-color:transparent}.elementor-widget-text-editor:not(.elementor-drop-cap-view-default) .elementor-drop-cap{margin-top:8px}.elementor-widget-text-editor:not(.elementor-drop-cap-view-default) .elementor-drop-cap-letter{width:1em;height:1em}.elementor-widget-text-editor .elementor-drop-cap{float:left;text-align:center;line-height:1;font-size:50px}.elementor-widget-text-editor .elementor-drop-cap-letter{display:inline-block}<\/style>\t\t\t\t<p>Although our hotel is neither the oldest nor the largest hotel in Croatia, we have a fairly long history of maintaining a standard level of quality.<\/p><p>Our biggest advantage compared to other hotels in the city is a balanced approach. With only 10 rooms, we are a quiet place to stay.<\/p><p>We can offer guests 4 different types of rooms:<\/p><p><a href=\"https:\/\/aditeshotel.hr\/de\/accommodation\/ap10\/\">\u2013 Double room with separate beds<\/a><\/p><p><a href=\"https:\/\/aditeshotel.hr\/de\/accommodation\/ap9\/\">\u2013 Double room with balcony and sea view<\/a><\/p><p><a href=\"https:\/\/aditeshotel.hr\/de\/accommodation\/app5\/\">\u2013 Double room with terrace and own kitchen<\/a><\/p><p><a href=\"https:\/\/aditeshotel.hr\/de\/accommodation\/ap9\/\">\u2013 Double room with balcony and sea view<\/a><\/p><p>Each room has everything necessary for life. Electric vehicle charging is available to all guests. Additional services and facilities and affordable prices set us apart and attract both tourists who come to Croatia and business people. Fishing with a captain, rental of scooters, motorcycles and yachts are also available to our visitors.<\/p>\t\t\t\t\t\t<\/div>\n\t\t\t\t<\/div>\n\t\t\t\t\t<\/div>\n\t\t\t\t<\/div>\n\t\t<div class=\"elementor-element elementor-element-4c47245 e-con-full e-flex e-con e-parent\" data-id=\"4c47245\" data-element_type=\"container\" data-settings=\"{&quot;content_width&quot;:&quot;full&quot;,&quot;jet_parallax_layout_list&quot;:[]}\" data-core-v316-plus=\"true\">\n\t\t\t\t<div class=\"elementor-element elementor-element-aab8813 elementor-widget__width-initial elementor-widget elementor-widget-image\" data-id=\"aab8813\" data-element_type=\"widget\" data-widget_type=\"image.default\">\n\t\t\t\t<div class=\"elementor-widget-container\">\n\t\t\t<style>\/*! elementor - v3.19.0 - 29-01-2024 *\/\n.elementor-widget-image{text-align:center}.elementor-widget-image a{display:inline-block}.elementor-widget-image a img[src$=\".svg\"]{width:48px}.elementor-widget-image img{vertical-align:middle;display:inline-block}<\/style>\t\t\t\t\t\t\t\t\t\t<img fetchpriority=\"high\" decoding=\"async\" width=\"640\" height=\"640\" src=\"https:\/\/aditeshotel.hr\/wp-content\/uploads\/2024\/07\/Rusten-zajednicke-11-640x640.jpg\" class=\"attachment-kava-thumb-justify size-kava-thumb-justify wp-image-6836\" alt=\"\" srcset=\"https:\/\/aditeshotel.hr\/wp-content\/uploads\/2024\/07\/Rusten-zajednicke-11-640x640.jpg 640w, https:\/\/aditeshotel.hr\/wp-content\/uploads\/2024\/07\/Rusten-zajednicke-11-150x150.jpg 150w, https:\/\/aditeshotel.hr\/wp-content\/uploads\/2024\/07\/Rusten-zajednicke-11-230x230.jpg 230w, https:\/\/aditeshotel.hr\/wp-content\/uploads\/2024\/07\/Rusten-zajednicke-11-400x400.jpg 400w\" sizes=\"(max-width: 640px) 100vw, 640px\" \/>\t\t\t\t\t\t\t\t\t\t\t\t\t<\/div>\n\t\t\t\t<\/div>\n\t\t\t\t<\/div>\n\t\t\t\t<\/div>","protected":false},"excerpt":{"rendered":"<p>Iako na\u0161 hotel nije ni najstariji ni najve\u0107i hotel u Hrvatskoj, imamo prili\u010dno dugu povijest odr\u017eavanja standardne razine kvalitete. Na\u0161a najve\u0107a prednost u odnosu na ostale hotele u gradu je uravnote\u017een pristup. Sa samo 10 soba mi smo mirno mjesto za boravak. Gostima mo\u017eemo ponuditi 4 razli\u010dite vrste soba: &#8211; Dvokrevetna soba sa odvojenim krevetima [&hellip;]<\/p>","protected":false},"author":1,"featured_media":0,"parent":0,"menu_order":0,"comment_status":"closed","ping_status":"closed","template":"","meta":{"footnotes":""},"class_list":["post-3947","page","type-page","status-publish","hentry"],"_links":{"self":[{"href":"https:\/\/aditeshotel.hr\/en\/wp-json\/wp\/v2\/pages\/3947","targetHints":{"allow":["GET"]}}],"collection":[{"href":"https:\/\/aditeshotel.hr\/en\/wp-json\/wp\/v2\/pages"}],"about":[{"href":"https:\/\/aditeshotel.hr\/en\/wp-json\/wp\/v2\/types\/page"}],"author":[{"embeddable":true,"href":"https:\/\/aditeshotel.hr\/en\/wp-json\/wp\/v2\/users\/1"}],"replies":[{"embeddable":true,"href":"https:\/\/aditeshotel.hr\/en\/wp-json\/wp\/v2\/comments?post=3947"}],"version-history":[{"count":74,"href":"https:\/\/aditeshotel.hr\/en\/wp-json\/wp\/v2\/pages\/3947\/revisions"}],"predecessor-version":[{"id":6880,"href":"https:\/\/aditeshotel.hr\/en\/wp-json\/wp\/v2\/pages\/3947\/revisions\/6880"}],"wp:attachment":[{"href":"https:\/\/aditeshotel.hr\/en\/wp-json\/wp\/v2\/media?parent=3947"}],"curies":[{"name":"wp","href":"https:\/\/api.w.org\/{rel}","templated":true}]}}